{"id":3205,"date":"2026-01-12T16:33:24","date_gmt":"2026-01-12T16:33:24","guid":{"rendered":"https:\/\/swiss-led.com\/?post_type=product&#038;p=3205"},"modified":"2026-01-12T16:33:24","modified_gmt":"2026-01-12T16:33:24","slug":"alba","status":"publish","type":"product","link":"https:\/\/swiss-led.com\/fr\/product\/alba\/","title":{"rendered":"ALBA"},"content":{"rendered":"","protected":false},"excerpt":{"rendered":"<p>ALBA se caract\u00e9rise par un design compact et peu encombrant, ce qui le rend id\u00e9al pour les installations dans des environnements \u00e0 faible hauteur de plafond. Un large choix d'enjoliveurs et de r\u00e9flecteurs interchangeables permet une coordination visuelle raffin\u00e9e et une int\u00e9gration transparente dans le contexte architectural, am\u00e9liorant ainsi l'harmonie de l'espace. Con\u00e7u pour \u00eatre polyvalent et performant, ALBA convient parfaitement aux h\u00f4tels, aux projets r\u00e9sidentiels, aux centres commerciaux et \u00e0 d'autres applications semi-ext\u00e9rieures o\u00f9 l'esth\u00e9tique et la qualit\u00e9 de l'\u00e9clairage sont essentielles.<\/p>\n<p><a href=\"https:\/\/swiss-led.com\/wp-content\/uploads\/2024\/11\/CE-ROHS.jpg\"><img decoding=\"async\" class=\"alignnone wp-image-2865\" src=\"https:\/\/swiss-led.com\/wp-content\/uploads\/2024\/11\/CE-ROHS-300x97.jpg\" alt=\"\" width=\"80\" height=\"26\" srcset=\"https:\/\/swiss-led.com\/wp-content\/uploads\/2024\/11\/CE-ROHS-300x97.jpg 300w, https:\/\/swiss-led.com\/wp-content\/uploads\/2024\/11\/CE-ROHS.jpg 529w\" sizes=\"(max-width: 80px) 100vw, 80px\" \/><\/a><\/p>\n<p><strong>Sp\u00e9cifications<br \/>\n<\/strong>\u25ca 2700k\/3000k\/3500k\/4000k<br \/>\n\u25ca 7w\/15w\/20w<br \/>\n\u25ca CRI90<br \/>\n\u25ca 90lm\/w<br \/>\n\u25ca \u00d859mm \/ \u00d882mm \/ \u00d8100mm<br \/>\n\u25ca Blanc \/ Noir \/ Gris \/ Personnalis\u00e9<br \/>\n\u25ca IP54<\/p>","protected":false},"featured_media":3175,"template":"","meta":{"_acf_changed":false},"product_brand":[],"product_cat":[15],"product_tag":[],"class_list":{"0":"post-3205","1":"product","2":"type-product","3":"status-publish","4":"has-post-thumbnail","6":"product_cat-lighitng","8":"first","9":"instock","10":"shipping-taxable","11":"product-type-simple"},"acf":[],"_links":{"self":[{"href":"https:\/\/swiss-led.com\/fr\/wp-json\/wp\/v2\/product\/3205","targetHints":{"allow":["GET"]}}],"collection":[{"href":"https:\/\/swiss-led.com\/fr\/wp-json\/wp\/v2\/product"}],"about":[{"href":"https:\/\/swiss-led.com\/fr\/wp-json\/wp\/v2\/types\/product"}],"wp:featuredmedia":[{"embeddable":true,"href":"https:\/\/swiss-led.com\/fr\/wp-json\/wp\/v2\/media\/3175"}],"wp:attachment":[{"href":"https:\/\/swiss-led.com\/fr\/wp-json\/wp\/v2\/media?parent=3205"}],"wp:term":[{"taxonomy":"product_brand","embeddable":true,"href":"https:\/\/swiss-led.com\/fr\/wp-json\/wp\/v2\/product_brand?post=3205"},{"taxonomy":"product_cat","embeddable":true,"href":"https:\/\/swiss-led.com\/fr\/wp-json\/wp\/v2\/product_cat?post=3205"},{"taxonomy":"product_tag","embeddable":true,"href":"https:\/\/swiss-led.com\/fr\/wp-json\/wp\/v2\/product_tag?post=3205"}],"curies":[{"name":"wp","href":"https:\/\/api.w.org\/{rel}","templated":true}]}}