{"id":3196,"date":"2026-01-11T17:18:35","date_gmt":"2026-01-11T17:18:35","guid":{"rendered":"https:\/\/swiss-led.com\/?post_type=product&#038;p=3196"},"modified":"2026-02-02T13:19:23","modified_gmt":"2026-02-02T13:19:23","slug":"polo","status":"publish","type":"product","link":"https:\/\/swiss-led.com\/fr\/product\/polo\/","title":{"rendered":"POLO"},"content":{"rendered":"","protected":false},"excerpt":{"rendered":"<p>La s\u00e9rie POLO fournit un \u00e9clairage exceptionnellement uniforme, assurant un confort visuel optimal gr\u00e2ce \u00e0 sa finition en verre de haute qualit\u00e9. Avec un indice de protection IP44, elle convient parfaitement aux installations mont\u00e9es au plafond ou au mur. Disponible avec des options CCT s\u00e9lectionnables et un capteur de micro-ondes int\u00e9gr\u00e9, POLO s'adapte facilement \u00e0 un large \u00e9ventail d'environnements. Son installation simple et polyvalente permet un montage au plafond, au mur ou suspendu. Avec une efficacit\u00e9 lumineuse allant jusqu'\u00e0 120 lm\/W, la gamme POLO allie performance, fiabilit\u00e9 et \u00e9l\u00e9gance pour tous les espaces int\u00e9rieurs.<\/p>\n<p><a href=\"https:\/\/swiss-led.com\/wp-content\/uploads\/2024\/11\/CE-ROHS.jpg\"><img decoding=\"async\" class=\"alignnone wp-image-2865\" src=\"https:\/\/swiss-led.com\/wp-content\/uploads\/2024\/11\/CE-ROHS-300x97.jpg\" alt=\"\" width=\"80\" height=\"26\" srcset=\"https:\/\/swiss-led.com\/wp-content\/uploads\/2024\/11\/CE-ROHS-300x97.jpg 300w, https:\/\/swiss-led.com\/wp-content\/uploads\/2024\/11\/CE-ROHS.jpg 529w\" sizes=\"(max-width: 80px) 100vw, 80px\" \/><\/a><\/p>\n<p><strong>Sp\u00e9cifications<br \/>\n<\/strong>\u25ca 3000k \/ 4000k<br \/>\n\u25ca 18W \/30W<br \/>\nD\u00e9tection 0-100% \/ 10-100%<br \/>\n\u25ca Batterie d'urgence<br \/>\n\u25ca 130lm\/w<br \/>\n\u25ca \u00d8320mm \/ \u00d8450mm<br \/>\n\u25ca Opaque<br \/>\n\u25ca IP44<\/p>","protected":false},"featured_media":3267,"template":"","meta":{"_acf_changed":false},"product_brand":[],"product_cat":[15],"product_tag":[],"class_list":{"0":"post-3196","1":"product","2":"type-product","3":"status-publish","4":"has-post-thumbnail","6":"product_cat-lighitng","7":"pa_indoor-surface-mounted","9":"first","10":"instock","11":"shipping-taxable","12":"product-type-simple"},"acf":[],"_links":{"self":[{"href":"https:\/\/swiss-led.com\/fr\/wp-json\/wp\/v2\/product\/3196","targetHints":{"allow":["GET"]}}],"collection":[{"href":"https:\/\/swiss-led.com\/fr\/wp-json\/wp\/v2\/product"}],"about":[{"href":"https:\/\/swiss-led.com\/fr\/wp-json\/wp\/v2\/types\/product"}],"wp:featuredmedia":[{"embeddable":true,"href":"https:\/\/swiss-led.com\/fr\/wp-json\/wp\/v2\/media\/3267"}],"wp:attachment":[{"href":"https:\/\/swiss-led.com\/fr\/wp-json\/wp\/v2\/media?parent=3196"}],"wp:term":[{"taxonomy":"product_brand","embeddable":true,"href":"https:\/\/swiss-led.com\/fr\/wp-json\/wp\/v2\/product_brand?post=3196"},{"taxonomy":"product_cat","embeddable":true,"href":"https:\/\/swiss-led.com\/fr\/wp-json\/wp\/v2\/product_cat?post=3196"},{"taxonomy":"product_tag","embeddable":true,"href":"https:\/\/swiss-led.com\/fr\/wp-json\/wp\/v2\/product_tag?post=3196"}],"curies":[{"name":"wp","href":"https:\/\/api.w.org\/{rel}","templated":true}]}}