{"id":3193,"date":"2026-01-11T17:07:17","date_gmt":"2026-01-11T17:07:17","guid":{"rendered":"https:\/\/swiss-led.com\/?post_type=product&#038;p=3193"},"modified":"2026-01-12T09:03:20","modified_gmt":"2026-01-12T09:03:20","slug":"aira","status":"publish","type":"product","link":"https:\/\/swiss-led.com\/fr\/product\/aira\/","title":{"rendered":"AIRA"},"content":{"rendered":"","protected":false},"excerpt":{"rendered":"<p>AIRA est un syst\u00e8me d'\u00e9clairage lin\u00e9aire modulaire au design moderne, adapt\u00e9 aux installations autonomes ou aux configurations en ligne continue. Gr\u00e2ce \u00e0 ses modules prismatiques ou r\u00e9flecteurs avec commande UGR, connecteurs L, T et X, et \u00e0 ses options multifonctionnelles, notamment le r\u00e9glage du CCT et de la puissance, les angles de rayonnement multiples des lentilles et les finitions noires, blanches ou grises, AIRA s'adapte sans effort \u00e0 tous les environnements professionnels, offrant une combinaison optimale de performances, de flexibilit\u00e9 et d'esth\u00e9tisme. AIRA s'adapte sans effort \u00e0 tous les environnements professionnels, offrant une combinaison optimale de performances, de flexibilit\u00e9 et d'esth\u00e9tique.<\/p>\n<p><a href=\"https:\/\/swiss-led.com\/wp-content\/uploads\/2024\/11\/CE-ROHS.jpg\"><img decoding=\"async\" class=\"alignnone wp-image-2865\" src=\"https:\/\/swiss-led.com\/wp-content\/uploads\/2024\/11\/CE-ROHS-300x97.jpg\" alt=\"\" width=\"80\" height=\"26\" srcset=\"https:\/\/swiss-led.com\/wp-content\/uploads\/2024\/11\/CE-ROHS-300x97.jpg 300w, https:\/\/swiss-led.com\/wp-content\/uploads\/2024\/11\/CE-ROHS.jpg 529w\" sizes=\"(max-width: 80px) 100vw, 80px\" \/><\/a><\/p>\n<p><strong>Sp\u00e9cifications<br \/>\n<\/strong>\u25ca 3000k\/4000k \/ 6000k<br \/>\n\u25ca 15w\/40w\/50w<br \/>\nD\u00e9tection 0-100% \/ 10-100%<br \/>\n\u25ca Batterie d'urgence<br \/>\n\u25ca 150lm\/w<br \/>\n\u25ca 600mm \/ 1200mm \/ 1500mm<br \/>\n\u25ca Blanc \/ Noir \/ Gris \/ Personnalis\u00e9<br \/>\n\u25ca IP20<\/p>","protected":false},"featured_media":3159,"template":"","meta":{"_acf_changed":false},"product_brand":[],"product_cat":[15],"product_tag":[],"class_list":{"0":"post-3193","1":"product","2":"type-product","3":"status-publish","4":"has-post-thumbnail","6":"product_cat-lighitng","7":"pa_indoor-continuous-line-systems","8":"pa_indoor-surface-mounted","10":"first","11":"instock","12":"shipping-taxable","13":"product-type-simple"},"acf":[],"_links":{"self":[{"href":"https:\/\/swiss-led.com\/fr\/wp-json\/wp\/v2\/product\/3193","targetHints":{"allow":["GET"]}}],"collection":[{"href":"https:\/\/swiss-led.com\/fr\/wp-json\/wp\/v2\/product"}],"about":[{"href":"https:\/\/swiss-led.com\/fr\/wp-json\/wp\/v2\/types\/product"}],"wp:featuredmedia":[{"embeddable":true,"href":"https:\/\/swiss-led.com\/fr\/wp-json\/wp\/v2\/media\/3159"}],"wp:attachment":[{"href":"https:\/\/swiss-led.com\/fr\/wp-json\/wp\/v2\/media?parent=3193"}],"wp:term":[{"taxonomy":"product_brand","embeddable":true,"href":"https:\/\/swiss-led.com\/fr\/wp-json\/wp\/v2\/product_brand?post=3193"},{"taxonomy":"product_cat","embeddable":true,"href":"https:\/\/swiss-led.com\/fr\/wp-json\/wp\/v2\/product_cat?post=3193"},{"taxonomy":"product_tag","embeddable":true,"href":"https:\/\/swiss-led.com\/fr\/wp-json\/wp\/v2\/product_tag?post=3193"}],"curies":[{"name":"wp","href":"https:\/\/api.w.org\/{rel}","templated":true}]}}