{"id":3192,"date":"2026-01-11T17:01:52","date_gmt":"2026-01-11T17:01:52","guid":{"rendered":"https:\/\/swiss-led.com\/?post_type=product&#038;p=3192"},"modified":"2026-01-11T17:01:53","modified_gmt":"2026-01-11T17:01:53","slug":"dextre","status":"publish","type":"product","link":"https:\/\/swiss-led.com\/fr\/product\/dexter\/","title":{"rendered":"DEXTER"},"content":{"rendered":"","protected":false},"excerpt":{"rendered":"<p>Le luminaire sportif et industriel Dexter offre des performances exceptionnelles avec une efficacit\u00e9 lumineuse allant jusqu'\u00e0 190 lm\/W. Con\u00e7u pour \u00eatre compatible avec les alimentations rondes ou lin\u00e9aires, il pr\u00e9sente un faible taux d'\u00e9blouissement (UGR &lt;22) pour assurer un confort visuel optimal. Sa fonction d&#039;urgence int\u00e9gr\u00e9e, sa large gamme d&#039;angles de rayonnement (60\u00b0, 90\u00b0, 120\u00b0, 40\u00d783\u00b0) et son bo\u00eetier lisse et anti-poussi\u00e8re offrent une flexibilit\u00e9 maximale pour r\u00e9pondre \u00e0 des besoins d&#039;\u00e9clairage sp\u00e9cifiques. B\u00e9n\u00e9ficiant d&#039;une garantie compl\u00e8te de plus de 5 ans, Dexter est une solution d&#039;\u00e9clairage fiable et durable pour les environnements exigeants.<\/p>\n<p><a href=\"https:\/\/swiss-led.com\/wp-content\/uploads\/2024\/11\/CE-ROHS.jpg\"><img decoding=\"async\" class=\"alignnone wp-image-2865\" src=\"https:\/\/swiss-led.com\/wp-content\/uploads\/2024\/11\/CE-ROHS-300x97.jpg\" alt=\"\" width=\"80\" height=\"26\" srcset=\"https:\/\/swiss-led.com\/wp-content\/uploads\/2024\/11\/CE-ROHS-300x97.jpg 300w, https:\/\/swiss-led.com\/wp-content\/uploads\/2024\/11\/CE-ROHS.jpg 529w\" sizes=\"(max-width: 80px) 100vw, 80px\" \/><\/a><\/p>\n<p><strong>Sp\u00e9cifications<br \/>\n<\/strong>\u25ca 3000k\/4000k \/ 6000k<br \/>\n\u25ca 60w\/80w\/100w\/120W\/150w\/180w\/200w<br \/>\nD\u00e9tection 0-100% \/ 10-100%<br \/>\n\u25ca Batterie d'urgence<br \/>\n\u25ca 160lm\/w<br \/>\n\u25ca \u00d8264mm \/ \u00d8306mm \/ \u00d8360mm<br \/>\n\u25ca Noir<br \/>\n\u25ca IP65<\/p>","protected":false},"featured_media":3171,"template":"","meta":{"_acf_changed":false},"product_brand":[],"product_cat":[15],"product_tag":[],"class_list":{"0":"post-3192","1":"product","2":"type-product","3":"status-publish","4":"has-post-thumbnail","6":"product_cat-lighitng","7":"pa_indoor-high-bay","9":"first","10":"instock","11":"shipping-taxable","12":"product-type-simple"},"acf":[],"_links":{"self":[{"href":"https:\/\/swiss-led.com\/fr\/wp-json\/wp\/v2\/product\/3192","targetHints":{"allow":["GET"]}}],"collection":[{"href":"https:\/\/swiss-led.com\/fr\/wp-json\/wp\/v2\/product"}],"about":[{"href":"https:\/\/swiss-led.com\/fr\/wp-json\/wp\/v2\/types\/product"}],"wp:featuredmedia":[{"embeddable":true,"href":"https:\/\/swiss-led.com\/fr\/wp-json\/wp\/v2\/media\/3171"}],"wp:attachment":[{"href":"https:\/\/swiss-led.com\/fr\/wp-json\/wp\/v2\/media?parent=3192"}],"wp:term":[{"taxonomy":"product_brand","embeddable":true,"href":"https:\/\/swiss-led.com\/fr\/wp-json\/wp\/v2\/product_brand?post=3192"},{"taxonomy":"product_cat","embeddable":true,"href":"https:\/\/swiss-led.com\/fr\/wp-json\/wp\/v2\/product_cat?post=3192"},{"taxonomy":"product_tag","embeddable":true,"href":"https:\/\/swiss-led.com\/fr\/wp-json\/wp\/v2\/product_tag?post=3192"}],"curies":[{"name":"wp","href":"https:\/\/api.w.org\/{rel}","templated":true}]}}