{"id":3190,"date":"2026-01-11T16:57:09","date_gmt":"2026-01-11T16:57:09","guid":{"rendered":"https:\/\/swiss-led.com\/?post_type=product&#038;p=3190"},"modified":"2026-01-18T18:44:41","modified_gmt":"2026-01-18T18:44:41","slug":"oska","status":"publish","type":"product","link":"https:\/\/swiss-led.com\/fr\/product\/oska\/","title":{"rendered":"OSKA"},"content":{"rendered":"","protected":false},"excerpt":{"rendered":"<p>Le luminaire tri-proof OSKA est une solution d'\u00e9clairage robuste et performante, id\u00e9ale pour les entrep\u00f4ts, les usines, les parkings, les installations sportives, ainsi que pour les applications int\u00e9rieures et ext\u00e9rieures. Avec les indices IK10 et IP65, il offre une excellente r\u00e9sistance aux chocs, \u00e0 la poussi\u00e8re et \u00e0 l'eau. Ses embouts \u00e0 clipsage rapide permettent une installation facile et un remplacement simplifi\u00e9 des pilotes. Le luminaire est dot\u00e9 d'une temp\u00e9rature de couleur et d'une puissance s\u00e9lectionnables, d'un c\u00e2blage simple ou double et de plusieurs options de contr\u00f4le, notamment ON\/OFF, 1-10V, d\u00e9tecteur de mouvement (MS) et DALI. Avec un IRC &gt;80 ou &gt;90 et une dur\u00e9e de vie impressionnante de 100 000 heures, OSKA garantit un \u00e9clairage fiable, efficace et durable pour les environnements les plus exigeants.<\/p>\n<p><a href=\"https:\/\/swiss-led.com\/wp-content\/uploads\/2024\/11\/CE-ROHS.jpg\"><img decoding=\"async\" class=\"alignnone wp-image-2865\" src=\"https:\/\/swiss-led.com\/wp-content\/uploads\/2024\/11\/CE-ROHS-300x97.jpg\" alt=\"\" width=\"80\" height=\"26\" srcset=\"https:\/\/swiss-led.com\/wp-content\/uploads\/2024\/11\/CE-ROHS-300x97.jpg 300w, https:\/\/swiss-led.com\/wp-content\/uploads\/2024\/11\/CE-ROHS.jpg 529w\" sizes=\"(max-width: 80px) 100vw, 80px\" \/><\/a><\/p>\n<p><strong>Sp\u00e9cifications<br \/>\n<\/strong>\u25ca 3000k\/4000k \/ 6000k<br \/>\n\u25ca 20w\/40w\/60w<br \/>\nD\u00e9tection 0-100% \/ 10-100%<br \/>\n\u25ca Batterie d'urgence<br \/>\n\u25ca 170lm\/w<br \/>\n\u25ca 600mm \/ 1200mm \/ 1500mm<br \/>\n\u25ca Blanc \/ Noir \/ Gris<br \/>\n\u25ca IP65<\/p>","protected":false},"featured_media":3158,"template":"","meta":{"_acf_changed":false},"product_brand":[],"product_cat":[15],"product_tag":[],"class_list":{"0":"post-3190","1":"product","2":"type-product","3":"status-publish","4":"has-post-thumbnail","6":"product_cat-lighitng","7":"pa_indoor-high-degree-protection","9":"first","10":"instock","11":"shipping-taxable","12":"product-type-simple"},"acf":[],"_links":{"self":[{"href":"https:\/\/swiss-led.com\/fr\/wp-json\/wp\/v2\/product\/3190","targetHints":{"allow":["GET"]}}],"collection":[{"href":"https:\/\/swiss-led.com\/fr\/wp-json\/wp\/v2\/product"}],"about":[{"href":"https:\/\/swiss-led.com\/fr\/wp-json\/wp\/v2\/types\/product"}],"wp:featuredmedia":[{"embeddable":true,"href":"https:\/\/swiss-led.com\/fr\/wp-json\/wp\/v2\/media\/3158"}],"wp:attachment":[{"href":"https:\/\/swiss-led.com\/fr\/wp-json\/wp\/v2\/media?parent=3190"}],"wp:term":[{"taxonomy":"product_brand","embeddable":true,"href":"https:\/\/swiss-led.com\/fr\/wp-json\/wp\/v2\/product_brand?post=3190"},{"taxonomy":"product_cat","embeddable":true,"href":"https:\/\/swiss-led.com\/fr\/wp-json\/wp\/v2\/product_cat?post=3190"},{"taxonomy":"product_tag","embeddable":true,"href":"https:\/\/swiss-led.com\/fr\/wp-json\/wp\/v2\/product_tag?post=3190"}],"curies":[{"name":"wp","href":"https:\/\/api.w.org\/{rel}","templated":true}]}}