{"id":3186,"date":"2026-01-11T16:21:23","date_gmt":"2026-01-11T16:21:23","guid":{"rendered":"https:\/\/swiss-led.com\/?post_type=product&#038;p=3186"},"modified":"2026-01-12T07:00:49","modified_gmt":"2026-01-12T07:00:49","slug":"rivox","status":"publish","type":"product","link":"https:\/\/swiss-led.com\/fr\/product\/rivox\/","title":{"rendered":"RIVOX"},"content":{"rendered":"","protected":false},"excerpt":{"rendered":"<p>Le luminaire RIVOX est une solution d'\u00e9clairage haute performance avec protection IP65, con\u00e7ue pour r\u00e9sister \u00e0 l'eau, \u00e0 la poussi\u00e8re et aux environnements exigeants. Dot\u00e9 d'un d\u00e9tecteur de mouvement int\u00e9gr\u00e9, il optimise la consommation d'\u00e9nergie et peut \u00eatre \u00e9quip\u00e9 d'une batterie de secours pour assurer un \u00e9clairage fiable en cas de coupure de courant. Avec une efficacit\u00e9 exceptionnelle de 160 lumens par watt, RIVOX offre des performances remarquables tout en r\u00e9duisant significativement les co\u00fbts \u00e9nerg\u00e9tiques. Facile \u00e0 installer, il s'adapte \u00e0 vos besoins gr\u00e2ce aux options d'installation en saillie ou suspendue. B\u00e9n\u00e9ficiant d'une garantie de 7 ans, RIVOX est synonyme de durabilit\u00e9, de fiabilit\u00e9 et d'efficacit\u00e9.<\/p>\n<p><a href=\"https:\/\/swiss-led.com\/wp-content\/uploads\/2024\/11\/CE-ROHS.jpg\"><img decoding=\"async\" class=\"alignnone wp-image-2865\" src=\"https:\/\/swiss-led.com\/wp-content\/uploads\/2024\/11\/CE-ROHS-300x97.jpg\" alt=\"\" width=\"80\" height=\"26\" srcset=\"https:\/\/swiss-led.com\/wp-content\/uploads\/2024\/11\/CE-ROHS-300x97.jpg 300w, https:\/\/swiss-led.com\/wp-content\/uploads\/2024\/11\/CE-ROHS.jpg 529w\" sizes=\"(max-width: 80px) 100vw, 80px\" \/><\/a><\/p>\n<p><strong>Sp\u00e9cifications<br \/>\n<\/strong>\u25ca 3000k \/ 4000k<br \/>\n\u25ca 15W\/30W\/55W<br \/>\nD\u00e9tection 0-100% \/ 10-100%<br \/>\n\u25ca Batterie d'urgence<br \/>\n\u25ca 160lm\/w<br \/>\n\u25ca 600mm \/ 1200mm \/ 1500mm<br \/>\n\u25ca Blanc \/ Noir \/ Gris<br \/>\n\u25ca IP65<\/p>","protected":false},"featured_media":3170,"template":"","meta":{"_acf_changed":false},"product_brand":[],"product_cat":[15],"product_tag":[],"class_list":{"0":"post-3186","1":"product","2":"type-product","3":"status-publish","4":"has-post-thumbnail","6":"product_cat-lighitng","7":"pa_indoor-high-degree-protection","8":"pa_indoor-surface-mounted","10":"first","11":"instock","12":"shipping-taxable","13":"product-type-simple"},"acf":[],"_links":{"self":[{"href":"https:\/\/swiss-led.com\/fr\/wp-json\/wp\/v2\/product\/3186","targetHints":{"allow":["GET"]}}],"collection":[{"href":"https:\/\/swiss-led.com\/fr\/wp-json\/wp\/v2\/product"}],"about":[{"href":"https:\/\/swiss-led.com\/fr\/wp-json\/wp\/v2\/types\/product"}],"wp:featuredmedia":[{"embeddable":true,"href":"https:\/\/swiss-led.com\/fr\/wp-json\/wp\/v2\/media\/3170"}],"wp:attachment":[{"href":"https:\/\/swiss-led.com\/fr\/wp-json\/wp\/v2\/media?parent=3186"}],"wp:term":[{"taxonomy":"product_brand","embeddable":true,"href":"https:\/\/swiss-led.com\/fr\/wp-json\/wp\/v2\/product_brand?post=3186"},{"taxonomy":"product_cat","embeddable":true,"href":"https:\/\/swiss-led.com\/fr\/wp-json\/wp\/v2\/product_cat?post=3186"},{"taxonomy":"product_tag","embeddable":true,"href":"https:\/\/swiss-led.com\/fr\/wp-json\/wp\/v2\/product_tag?post=3186"}],"curies":[{"name":"wp","href":"https:\/\/api.w.org\/{rel}","templated":true}]}}