{"id":2935,"date":"2025-11-23T18:56:09","date_gmt":"2025-11-23T18:56:09","guid":{"rendered":"https:\/\/swiss-led.com\/?post_type=product&#038;p=2935"},"modified":"2026-01-11T16:35:11","modified_gmt":"2026-01-11T16:35:11","slug":"claris","status":"publish","type":"product","link":"https:\/\/swiss-led.com\/fr\/product\/claris\/","title":{"rendered":"CLARIS"},"content":{"rendered":"","protected":false},"excerpt":{"rendered":"<p>Les luminaires ronds Claris allient un design \u00e9l\u00e9gant \u00e0 des performances \u00e9lev\u00e9es, avec un bo\u00eetier robuste en aluminium et un diffuseur prismatique UGR&lt;19 ou opale pour un \u00e9clairage uniforme et confortable. Faciles \u00e0 installer gr\u00e2ce \u00e0 la bo\u00eete de jonction int\u00e9gr\u00e9e, ils offrent une grande flexibilit\u00e9 gr\u00e2ce \u00e0 de multiples options fonctionnelles : simple marche\/arr\u00eat, mode d&#039;urgence, capteur de micro-ondes, ainsi que des combinaisons avanc\u00e9es telles que le capteur de micro-ondes avec fonction d&#039;urgence ou d&#039;urgence avec autotest. Con\u00e7us pour r\u00e9pondre aux exigences modernes en mati\u00e8re d&#039;\u00e9clairage, les luminaires Claris b\u00e9n\u00e9ficient d&#039;une garantie de 5 ans, assurant une fiabilit\u00e9 et une durabilit\u00e9 \u00e0 long terme pour une large gamme d&#039;applications.<\/p>\n<p><img decoding=\"async\" class=\"alignnone wp-image-2865\" src=\"https:\/\/swiss-led.com\/wp-content\/uploads\/2024\/11\/CE-ROHS-300x97.jpg\" alt=\"\" width=\"80\" height=\"26\" srcset=\"https:\/\/swiss-led.com\/wp-content\/uploads\/2024\/11\/CE-ROHS-300x97.jpg 300w, https:\/\/swiss-led.com\/wp-content\/uploads\/2024\/11\/CE-ROHS.jpg 529w\" sizes=\"(max-width: 80px) 100vw, 80px\" \/><\/p>\n<p><strong>Sp\u00e9cifications<br \/>\n<\/strong>\u25ca 3000k \/ 4000k<br \/>\n\u25ca 20W \/40W\/50W<br \/>\nD\u00e9tection 0-100% \/ 10-100%<br \/>\n\u25ca Batterie d'urgence<br \/>\n\u25ca 140lm\/w<br \/>\n\u25ca \u00d8350mm \/ \u00d8450mm \/ \u00d8600mm<br \/>\n\u25ca Blanc \/ Noir \/ Gris \/ Personnalis\u00e9<br \/>\n\u25ca IP40<\/p>","protected":false},"featured_media":3160,"template":"","meta":{"_acf_changed":false},"product_brand":[],"product_cat":[15],"product_tag":[],"class_list":{"0":"post-2935","1":"product","2":"type-product","3":"status-publish","4":"has-post-thumbnail","6":"product_cat-lighitng","7":"pa_indoor-surface-mounted","9":"first","10":"instock","11":"shipping-taxable","12":"product-type-simple"},"acf":[],"_links":{"self":[{"href":"https:\/\/swiss-led.com\/fr\/wp-json\/wp\/v2\/product\/2935","targetHints":{"allow":["GET"]}}],"collection":[{"href":"https:\/\/swiss-led.com\/fr\/wp-json\/wp\/v2\/product"}],"about":[{"href":"https:\/\/swiss-led.com\/fr\/wp-json\/wp\/v2\/types\/product"}],"wp:featuredmedia":[{"embeddable":true,"href":"https:\/\/swiss-led.com\/fr\/wp-json\/wp\/v2\/media\/3160"}],"wp:attachment":[{"href":"https:\/\/swiss-led.com\/fr\/wp-json\/wp\/v2\/media?parent=2935"}],"wp:term":[{"taxonomy":"product_brand","embeddable":true,"href":"https:\/\/swiss-led.com\/fr\/wp-json\/wp\/v2\/product_brand?post=2935"},{"taxonomy":"product_cat","embeddable":true,"href":"https:\/\/swiss-led.com\/fr\/wp-json\/wp\/v2\/product_cat?post=2935"},{"taxonomy":"product_tag","embeddable":true,"href":"https:\/\/swiss-led.com\/fr\/wp-json\/wp\/v2\/product_tag?post=2935"}],"curies":[{"name":"wp","href":"https:\/\/api.w.org\/{rel}","templated":true}]}}