{"id":2123,"date":"2024-11-02T15:50:21","date_gmt":"2024-11-02T15:50:21","guid":{"rendered":"https:\/\/swiss-led.com\/?post_type=product&#038;p=2123"},"modified":"2026-01-11T16:31:12","modified_gmt":"2026-01-11T16:31:12","slug":"ciel-xs","status":"publish","type":"product","link":"https:\/\/swiss-led.com\/fr\/product\/ciel-xs\/","title":{"rendered":"CIEL"},"content":{"rendered":"","protected":false},"excerpt":{"rendered":"<p>Le downlight de la s\u00e9rie CIEL tire parti de la technologie avanc\u00e9e de la lentille de Fresnel, offrant une efficacit\u00e9 \u00e9lev\u00e9e jusqu'\u00e0 150 lm\/W. Dot\u00e9 d'une source lumineuse SMD2835 encastr\u00e9e, il fournit un \u00e9clairage doux et non \u00e9blouissant, avec quatre options de r\u00e9flecteur de couleur pour un design polyvalent. L'indice d'\u00e9tanch\u00e9it\u00e9 IP54 garantit la durabilit\u00e9 de la face orient\u00e9e vers la pi\u00e8ce. B\u00e9n\u00e9ficiant d'une garantie de 5 ans, la s\u00e9rie CIEL offre un \u00e9clairage efficace et adaptable \u00e0 diverses applications.<\/p>\n<p><img decoding=\"async\" class=\"wp-image-2865 alignleft\" src=\"https:\/\/swiss-led.com\/wp-content\/uploads\/2024\/11\/CE-ROHS-300x97.jpg\" alt=\"\" width=\"80\" height=\"26\" srcset=\"https:\/\/swiss-led.com\/wp-content\/uploads\/2024\/11\/CE-ROHS-300x97.jpg 300w, https:\/\/swiss-led.com\/wp-content\/uploads\/2024\/11\/CE-ROHS.jpg 529w\" sizes=\"(max-width: 80px) 100vw, 80px\" \/><\/p>\n<p>&nbsp;<\/p>\n<p><strong>Sp\u00e9cifications<br \/>\n<\/strong>\u25ca 3000k\/3500k\/4000k<br \/>\n\u25ca 10w\/15w\/25w\/35w<br \/>\n\u25ca Batterie d'urgence<br \/>\n\u25ca 150lm\/w<br \/>\n\u25ca \u00d8110mm \/ \u00d8140mm \/ \u00d8165mm \/ \u00d8220mm<br \/>\n\u25ca Blanc \/ Noir \/ Gris<br \/>\n\u25ca IP54<\/p>\n<p>&nbsp;<\/p>\n<p>&nbsp;<\/p>\n<p>&nbsp;<\/p>","protected":false},"featured_media":3164,"template":"","meta":{"_acf_changed":false},"product_brand":[],"product_cat":[15],"product_tag":[],"class_list":{"0":"post-2123","1":"product","2":"type-product","3":"status-publish","4":"has-post-thumbnail","6":"product_cat-lighitng","7":"pa_indoor-downlight","9":"first","10":"instock","11":"shipping-taxable","12":"product-type-simple"},"acf":[],"_links":{"self":[{"href":"https:\/\/swiss-led.com\/fr\/wp-json\/wp\/v2\/product\/2123","targetHints":{"allow":["GET"]}}],"collection":[{"href":"https:\/\/swiss-led.com\/fr\/wp-json\/wp\/v2\/product"}],"about":[{"href":"https:\/\/swiss-led.com\/fr\/wp-json\/wp\/v2\/types\/product"}],"wp:featuredmedia":[{"embeddable":true,"href":"https:\/\/swiss-led.com\/fr\/wp-json\/wp\/v2\/media\/3164"}],"wp:attachment":[{"href":"https:\/\/swiss-led.com\/fr\/wp-json\/wp\/v2\/media?parent=2123"}],"wp:term":[{"taxonomy":"product_brand","embeddable":true,"href":"https:\/\/swiss-led.com\/fr\/wp-json\/wp\/v2\/product_brand?post=2123"},{"taxonomy":"product_cat","embeddable":true,"href":"https:\/\/swiss-led.com\/fr\/wp-json\/wp\/v2\/product_cat?post=2123"},{"taxonomy":"product_tag","embeddable":true,"href":"https:\/\/swiss-led.com\/fr\/wp-json\/wp\/v2\/product_tag?post=2123"}],"curies":[{"name":"wp","href":"https:\/\/api.w.org\/{rel}","templated":true}]}}