{"id":880,"date":"2024-08-25T19:04:25","date_gmt":"2024-08-25T19:04:25","guid":{"rendered":"https:\/\/swiss-led.com\/?page_id=880"},"modified":"2026-01-08T10:02:27","modified_gmt":"2026-01-08T10:02:27","slug":"service","status":"publish","type":"page","link":"https:\/\/swiss-led.com\/fr\/service\/","title":{"rendered":"Service"},"content":{"rendered":"<div data-elementor-type=\"wp-page\" data-elementor-id=\"880\" class=\"elementor elementor-880\" wpc-filter-elementor-widget=\"1\" data-elementor-post-type=\"page\">\n\t\t\t\t<div class=\"elementor-element elementor-element-709b3b6 e-flex e-con-boxed e-con e-parent\" data-id=\"709b3b6\" data-element_type=\"container\" data-e-type=\"container\">\n\t\t\t\t\t<div class=\"e-con-inner\">\n\t\t\t\t<div class=\"elementor-element elementor-element-6daf4c5 elementor-widget-divider--view-line elementor-widget elementor-widget-divider\" data-id=\"6daf4c5\" data-element_type=\"widget\" data-e-type=\"widget\" data-widget_type=\"divider.default\">\n\t\t\t\t<div class=\"elementor-widget-container\">\n\t\t\t\t\t\t\t<div class=\"elementor-divider\">\n\t\t\t<span class=\"elementor-divider-separator\">\n\t\t\t\t\t\t<\/span>\n\t\t<\/div>\n\t\t\t\t\t\t<\/div>\n\t\t\t\t<\/div>\n\t\t\t\t\t<\/div>\n\t\t\t\t<\/div>\n\t\t<div class=\"elementor-element elementor-element-e4182e7 e-flex e-con-boxed e-con e-parent\" data-id=\"e4182e7\" data-element_type=\"container\" data-e-type=\"container\">\n\t\t\t\t\t<div class=\"e-con-inner\">\n\t\t\t\t<div class=\"elementor-element elementor-element-b06195a elementor-widget-divider--view-line elementor-widget elementor-widget-divider\" data-id=\"b06195a\" data-element_type=\"widget\" data-e-type=\"widget\" data-widget_type=\"divider.default\">\n\t\t\t\t<div class=\"elementor-widget-container\">\n\t\t\t\t\t\t\t<div class=\"elementor-divider\">\n\t\t\t<span class=\"elementor-divider-separator\">\n\t\t\t\t\t\t<\/span>\n\t\t<\/div>\n\t\t\t\t\t\t<\/div>\n\t\t\t\t<\/div>\n\t\t\t\t\t<\/div>\n\t\t\t\t<\/div>\n\t\t<div class=\"elementor-element elementor-element-09ae471 e-flex e-con-boxed e-con e-parent\" data-id=\"09ae471\" data-element_type=\"container\" data-e-type=\"container\">\n\t\t\t\t\t<div class=\"e-con-inner\">\n\t\t\t\t<div class=\"elementor-element elementor-element-77c0c3a elementor-widget elementor-widget-spacer\" data-id=\"77c0c3a\" data-element_type=\"widget\" data-e-type=\"widget\" data-widget_type=\"spacer.default\">\n\t\t\t\t<div class=\"elementor-widget-container\">\n\t\t\t\t\t\t\t<div class=\"elementor-spacer\">\n\t\t\t<div class=\"elementor-spacer-inner\"><\/div>\n\t\t<\/div>\n\t\t\t\t\t\t<\/div>\n\t\t\t\t<\/div>\n\t\t\t\t\t<\/div>\n\t\t\t\t<\/div>\n\t\t<div class=\"elementor-element elementor-element-0b79270 e-flex e-con-boxed e-con e-parent\" data-id=\"0b79270\" data-element_type=\"container\" data-e-type=\"container\">\n\t\t\t\t\t<div class=\"e-con-inner\">\n\t\t<div class=\"elementor-element elementor-element-c049e19 e-con-full e-flex e-con e-child\" data-id=\"c049e19\" data-element_type=\"container\" data-e-type=\"container\">\n\t\t\t\t<div class=\"elementor-element elementor-element-d9aa5fe elementor-widget elementor-widget-image\" data-id=\"d9aa5fe\" data-element_type=\"widget\" data-e-type=\"widget\" data-widget_type=\"image.default\">\n\t\t\t\t<div class=\"elementor-widget-container\">\n\t\t\t\t\t\t\t\t\t\t\t\t\t\t\t<img decoding=\"async\" width=\"150\" height=\"150\" src=\"https:\/\/swiss-led.com\/wp-content\/uploads\/2024\/08\/Accuracy-150x150.png\" class=\"attachment-thumbnail size-thumbnail wp-image-886\" alt=\"\" srcset=\"https:\/\/swiss-led.com\/wp-content\/uploads\/2024\/08\/Accuracy-150x150.png 150w, https:\/\/swiss-led.com\/wp-content\/uploads\/2024\/08\/Accuracy-300x300.png 300w, https:\/\/swiss-led.com\/wp-content\/uploads\/2024\/08\/Accuracy-100x100.png 100w, https:\/\/swiss-led.com\/wp-content\/uploads\/2024\/08\/Accuracy-600x600.png 600w, https:\/\/swiss-led.com\/wp-content\/uploads\/2024\/08\/Accuracy-768x768.png 768w, https:\/\/swiss-led.com\/wp-content\/uploads\/2024\/08\/Accuracy.png 1000w\" sizes=\"(max-width: 150px) 100vw, 150px\" \/>\t\t\t\t\t\t\t\t\t\t\t\t\t\t\t<\/div>\n\t\t\t\t<\/div>\n\t\t\t\t<div class=\"elementor-element elementor-element-6431a67 elementor-widget elementor-widget-heading\" data-id=\"6431a67\" data-element_type=\"widget\" data-e-type=\"widget\" data-widget_type=\"heading.default\">\n\t\t\t\t<div class=\"elementor-widget-container\">\n\t\t\t\t\t<h2 class=\"elementor-heading-title elementor-size-default\">Pr\u00e9cision et exactitude<\/h2>\t\t\t\t<\/div>\n\t\t\t\t<\/div>\n\t\t\t\t<div class=\"elementor-element elementor-element-cb016ba elementor-widget elementor-widget-text-editor\" data-id=\"cb016ba\" data-element_type=\"widget\" data-e-type=\"widget\" data-widget_type=\"text-editor.default\">\n\t\t\t\t<div class=\"elementor-widget-container\">\n\t\t\t\t\t\t\t\t\t<p style=\"text-align: center;\"><span style=\"text-align: center;\">En utilisant les derni\u00e8res versions de DIALux et Relux, nous effectuons des calculs d'\u00e9clairage d\u00e9taill\u00e9s qui tiennent compte de tous les facteurs critiques, tels que les dimensions de la pi\u00e8ce, les valeurs de r\u00e9flectance et les exigences sp\u00e9cifiques en mati\u00e8re d'\u00e9clairage. Cela garantit que votre espace est parfaitement \u00e9clair\u00e9, ce qui am\u00e9liore \u00e0 la fois la fonctionnalit\u00e9 et l'attrait esth\u00e9tique.<\/span><\/p>\t\t\t\t\t\t\t\t<\/div>\n\t\t\t\t<\/div>\n\t\t\t\t<\/div>\n\t\t\t\t\t<\/div>\n\t\t\t\t<\/div>\n\t\t<div class=\"elementor-element elementor-element-89a49f2 e-flex e-con-boxed e-con e-parent\" data-id=\"89a49f2\" data-element_type=\"container\" data-e-type=\"container\">\n\t\t\t\t\t<div class=\"e-con-inner\">\n\t\t<div class=\"elementor-element elementor-element-3372c1c e-con-full e-flex e-con e-child\" data-id=\"3372c1c\" data-element_type=\"container\" data-e-type=\"container\">\n\t\t\t\t<div class=\"elementor-element elementor-element-9dfec8b elementor-widget elementor-widget-image\" data-id=\"9dfec8b\" data-element_type=\"widget\" data-e-type=\"widget\" data-widget_type=\"image.default\">\n\t\t\t\t<div class=\"elementor-widget-container\">\n\t\t\t\t\t\t\t\t\t\t\t\t\t\t\t<img decoding=\"async\" width=\"150\" height=\"150\" src=\"https:\/\/swiss-led.com\/wp-content\/uploads\/2024\/08\/Analisys-150x150.png\" class=\"attachment-thumbnail size-thumbnail wp-image-887\" alt=\"\" srcset=\"https:\/\/swiss-led.com\/wp-content\/uploads\/2024\/08\/Analisys-150x150.png 150w, https:\/\/swiss-led.com\/wp-content\/uploads\/2024\/08\/Analisys-300x300.png 300w, https:\/\/swiss-led.com\/wp-content\/uploads\/2024\/08\/Analisys-100x100.png 100w, https:\/\/swiss-led.com\/wp-content\/uploads\/2024\/08\/Analisys-600x600.png 600w, https:\/\/swiss-led.com\/wp-content\/uploads\/2024\/08\/Analisys-768x768.png 768w, https:\/\/swiss-led.com\/wp-content\/uploads\/2024\/08\/Analisys.png 1000w\" sizes=\"(max-width: 150px) 100vw, 150px\" \/>\t\t\t\t\t\t\t\t\t\t\t\t\t\t\t<\/div>\n\t\t\t\t<\/div>\n\t\t\t\t<div class=\"elementor-element elementor-element-39489d2 elementor-widget elementor-widget-heading\" data-id=\"39489d2\" data-element_type=\"widget\" data-e-type=\"widget\" data-widget_type=\"heading.default\">\n\t\t\t\t<div class=\"elementor-widget-container\">\n\t\t\t\t\t<h2 class=\"elementor-heading-title elementor-size-default\">Analyse compl\u00e8te<\/h2>\t\t\t\t<\/div>\n\t\t\t\t<\/div>\n\t\t\t\t<div class=\"elementor-element elementor-element-0c94c20 elementor-widget elementor-widget-text-editor\" data-id=\"0c94c20\" data-element_type=\"widget\" data-e-type=\"widget\" data-widget_type=\"text-editor.default\">\n\t\t\t\t<div class=\"elementor-widget-container\">\n\t\t\t\t\t\t\t\t\t<p style=\"text-align: center;\">Les experts de Swiss Led utilisent DIALux et Relux pour simuler des sc\u00e9narios d'\u00e9clairage r\u00e9els. Cela nous permet de cr\u00e9er des mod\u00e8les pr\u00e9cis de distribution de la lumi\u00e8re, d'identifier les probl\u00e8mes potentiels avant l'installation et d'affiner la conception de l'\u00e9clairage pour un maximum d'efficacit\u00e9 et de confort.<\/p>\t\t\t\t\t\t\t\t<\/div>\n\t\t\t\t<\/div>\n\t\t\t\t<\/div>\n\t\t\t\t\t<\/div>\n\t\t\t\t<\/div>\n\t\t<div class=\"elementor-element elementor-element-dd626d4 e-flex e-con-boxed e-con e-parent\" data-id=\"dd626d4\" data-element_type=\"container\" data-e-type=\"container\">\n\t\t\t\t\t<div class=\"e-con-inner\">\n\t\t<div class=\"elementor-element elementor-element-06c42ca e-con-full e-flex e-con e-child\" data-id=\"06c42ca\" data-element_type=\"container\" data-e-type=\"container\">\n\t\t\t\t<div class=\"elementor-element elementor-element-f5c3cd1 elementor-widget elementor-widget-image\" data-id=\"f5c3cd1\" data-element_type=\"widget\" data-e-type=\"widget\" data-widget_type=\"image.default\">\n\t\t\t\t<div class=\"elementor-widget-container\">\n\t\t\t\t\t\t\t\t\t\t\t\t\t\t\t<img decoding=\"async\" width=\"150\" height=\"150\" src=\"https:\/\/swiss-led.com\/wp-content\/uploads\/2024\/08\/Solution-150x150.png\" class=\"attachment-thumbnail size-thumbnail wp-image-888\" alt=\"\" srcset=\"https:\/\/swiss-led.com\/wp-content\/uploads\/2024\/08\/Solution-150x150.png 150w, https:\/\/swiss-led.com\/wp-content\/uploads\/2024\/08\/Solution-300x300.png 300w, https:\/\/swiss-led.com\/wp-content\/uploads\/2024\/08\/Solution-100x100.png 100w, https:\/\/swiss-led.com\/wp-content\/uploads\/2024\/08\/Solution-600x600.png 600w, https:\/\/swiss-led.com\/wp-content\/uploads\/2024\/08\/Solution-768x768.png 768w, https:\/\/swiss-led.com\/wp-content\/uploads\/2024\/08\/Solution.png 1000w\" sizes=\"(max-width: 150px) 100vw, 150px\" \/>\t\t\t\t\t\t\t\t\t\t\t\t\t\t\t<\/div>\n\t\t\t\t<\/div>\n\t\t\t\t<div class=\"elementor-element elementor-element-5377454 elementor-widget elementor-widget-heading\" data-id=\"5377454\" data-element_type=\"widget\" data-e-type=\"widget\" data-widget_type=\"heading.default\">\n\t\t\t\t<div class=\"elementor-widget-container\">\n\t\t\t\t\t<h2 class=\"elementor-heading-title elementor-size-default\">Solutions sur mesure<\/h2>\t\t\t\t<\/div>\n\t\t\t\t<\/div>\n\t\t\t\t<div class=\"elementor-element elementor-element-1d44049 elementor-widget elementor-widget-text-editor\" data-id=\"1d44049\" data-element_type=\"widget\" data-e-type=\"widget\" data-widget_type=\"text-editor.default\">\n\t\t\t\t<div class=\"elementor-widget-container\">\n\t\t\t\t\t\t\t\t\t<p style=\"text-align: center;\">Qu'il s'agisse d'un petit bureau, d'un grand complexe industriel ou d'un espace public, notre service de calcul de l'\u00e9clairage est adapt\u00e9 \u00e0 vos besoins sp\u00e9cifiques. Nous fournissons des solutions qui sont non seulement techniquement valables, mais aussi efficaces sur le plan \u00e9nerg\u00e9tique et rentables.<\/p>\t\t\t\t\t\t\t\t<\/div>\n\t\t\t\t<\/div>\n\t\t\t\t<\/div>\n\t\t\t\t\t<\/div>\n\t\t\t\t<\/div>\n\t\t<div class=\"elementor-element elementor-element-c108aae e-flex e-con-boxed e-con e-parent\" data-id=\"c108aae\" data-element_type=\"container\" data-e-type=\"container\">\n\t\t\t\t\t<div class=\"e-con-inner\">\n\t\t<div class=\"elementor-element elementor-element-1488885 e-con-full e-flex e-con e-child\" data-id=\"1488885\" data-element_type=\"container\" data-e-type=\"container\">\n\t\t\t\t<div class=\"elementor-element elementor-element-c9ec39f elementor-widget elementor-widget-image\" data-id=\"c9ec39f\" data-element_type=\"widget\" data-e-type=\"widget\" data-widget_type=\"image.default\">\n\t\t\t\t<div class=\"elementor-widget-container\">\n\t\t\t\t\t\t\t\t\t\t\t\t\t\t\t<img loading=\"lazy\" decoding=\"async\" width=\"150\" height=\"150\" src=\"https:\/\/swiss-led.com\/wp-content\/uploads\/2024\/08\/reporting-150x150.png\" class=\"attachment-thumbnail size-thumbnail wp-image-889\" alt=\"\" srcset=\"https:\/\/swiss-led.com\/wp-content\/uploads\/2024\/08\/reporting-150x150.png 150w, https:\/\/swiss-led.com\/wp-content\/uploads\/2024\/08\/reporting-300x300.png 300w, https:\/\/swiss-led.com\/wp-content\/uploads\/2024\/08\/reporting-100x100.png 100w, https:\/\/swiss-led.com\/wp-content\/uploads\/2024\/08\/reporting-600x600.png 600w, https:\/\/swiss-led.com\/wp-content\/uploads\/2024\/08\/reporting-768x768.png 768w, https:\/\/swiss-led.com\/wp-content\/uploads\/2024\/08\/reporting.png 1000w\" sizes=\"(max-width: 150px) 100vw, 150px\" \/>\t\t\t\t\t\t\t\t\t\t\t\t\t\t\t<\/div>\n\t\t\t\t<\/div>\n\t\t\t\t<div class=\"elementor-element elementor-element-3cb8afc elementor-widget elementor-widget-heading\" data-id=\"3cb8afc\" data-element_type=\"widget\" data-e-type=\"widget\" data-widget_type=\"heading.default\">\n\t\t\t\t<div class=\"elementor-widget-container\">\n\t\t\t\t\t<h2 class=\"elementor-heading-title elementor-size-default\">Rapports professionnels<\/h2>\t\t\t\t<\/div>\n\t\t\t\t<\/div>\n\t\t\t\t<div class=\"elementor-element elementor-element-1e1ba06 elementor-widget elementor-widget-text-editor\" data-id=\"1e1ba06\" data-element_type=\"widget\" data-e-type=\"widget\" data-widget_type=\"text-editor.default\">\n\t\t\t\t<div class=\"elementor-widget-container\">\n\t\t\t\t\t\t\t\t\t<p style=\"text-align: center;\">\u00c0 l'issue du processus de calcul de l'\u00e9clairage, nous fournissons des rapports d\u00e9taill\u00e9s comprenant toutes les donn\u00e9es pertinentes, telles que les niveaux de luminance et d'\u00e9clairement, les estimations de la consommation d'\u00e9nergie et la conformit\u00e9 aux normes industrielles. Cette documentation facilite la prise de d\u00e9cision et garantit que votre projet r\u00e9pond \u00e0 toutes les exigences r\u00e9glementaires n\u00e9cessaires.<\/p>\t\t\t\t\t\t\t\t<\/div>\n\t\t\t\t<\/div>\n\t\t\t\t<\/div>\n\t\t\t\t\t<\/div>\n\t\t\t\t<\/div>\n\t\t<div class=\"elementor-element elementor-element-d7c3686 e-flex e-con-boxed e-con e-parent\" data-id=\"d7c3686\" data-element_type=\"container\" data-e-type=\"container\">\n\t\t\t\t\t<div class=\"e-con-inner\">\n\t\t<div class=\"elementor-element elementor-element-f683c60 e-con-full e-flex e-con e-child\" data-id=\"f683c60\" data-element_type=\"container\" data-e-type=\"container\">\n\t\t\t\t<div class=\"elementor-element elementor-element-78bbaa4 elementor-widget elementor-widget-image\" data-id=\"78bbaa4\" data-element_type=\"widget\" data-e-type=\"widget\" data-widget_type=\"image.default\">\n\t\t\t\t<div class=\"elementor-widget-container\">\n\t\t\t\t\t\t\t\t\t\t\t\t\t\t\t<img loading=\"lazy\" decoding=\"async\" width=\"150\" height=\"150\" src=\"https:\/\/swiss-led.com\/wp-content\/uploads\/2024\/08\/Technology-150x150.png\" class=\"attachment-thumbnail size-thumbnail wp-image-890\" alt=\"\" srcset=\"https:\/\/swiss-led.com\/wp-content\/uploads\/2024\/08\/Technology-150x150.png 150w, https:\/\/swiss-led.com\/wp-content\/uploads\/2024\/08\/Technology-300x300.png 300w, https:\/\/swiss-led.com\/wp-content\/uploads\/2024\/08\/Technology-100x100.png 100w, https:\/\/swiss-led.com\/wp-content\/uploads\/2024\/08\/Technology-600x600.png 600w, https:\/\/swiss-led.com\/wp-content\/uploads\/2024\/08\/Technology-768x768.png 768w, https:\/\/swiss-led.com\/wp-content\/uploads\/2024\/08\/Technology.png 1000w\" sizes=\"(max-width: 150px) 100vw, 150px\" \/>\t\t\t\t\t\t\t\t\t\t\t\t\t\t\t<\/div>\n\t\t\t\t<\/div>\n\t\t\t\t<div class=\"elementor-element elementor-element-c994f28 elementor-widget elementor-widget-heading\" data-id=\"c994f28\" data-element_type=\"widget\" data-e-type=\"widget\" data-widget_type=\"heading.default\">\n\t\t\t\t<div class=\"elementor-widget-container\">\n\t\t\t\t\t<h2 class=\"elementor-heading-title elementor-size-default\">Une technologie de pointe<\/h2>\t\t\t\t<\/div>\n\t\t\t\t<\/div>\n\t\t\t\t<div class=\"elementor-element elementor-element-e64467b elementor-widget elementor-widget-text-editor\" data-id=\"e64467b\" data-element_type=\"widget\" data-e-type=\"widget\" data-widget_type=\"text-editor.default\">\n\t\t\t\t<div class=\"elementor-widget-container\">\n\t\t\t\t\t\t\t\t\t<p style=\"text-align: center;\">En utilisant DIALux et Relux, Swiss Led reste \u00e0 la pointe de la technologie en mati\u00e8re de conception d'\u00e9clairage. Ces outils puissants nous permettent d'explorer diff\u00e9rentes configurations d'\u00e9clairage et de s\u00e9lectionner la meilleure option pour votre espace, en garantissant une qualit\u00e9 de lumi\u00e8re optimale et des \u00e9conomies d'\u00e9nergie.<\/p>\t\t\t\t\t\t\t\t<\/div>\n\t\t\t\t<\/div>\n\t\t\t\t<\/div>\n\t\t\t\t\t<\/div>\n\t\t\t\t<\/div>\n\t\t\t\t<\/div>","protected":false},"excerpt":{"rendered":"<p>Precision and Accuracy Utilizing the latest versions of DIALux and Relux, we conduct detailed lighting calculations that take into account all critical factors, such as room dimensions, reflectance values, and specific lighting requirements. This ensures that your space is perfectly lit, enhancing both functionality and aesthetic appeal. Comprehensive Analysis Our experts at Swiss Led use [&hellip;]<\/p>\n","protected":false},"author":1,"featured_media":0,"parent":0,"menu_order":0,"comment_status":"closed","ping_status":"closed","template":"elementor_header_footer","meta":{"_acf_changed":false,"footnotes":""},"class_list":["post-880","page","type-page","status-publish","hentry"],"blocksy_meta":[],"acf":[],"_links":{"self":[{"href":"https:\/\/swiss-led.com\/fr\/wp-json\/wp\/v2\/pages\/880","targetHints":{"allow":["GET"]}}],"collection":[{"href":"https:\/\/swiss-led.com\/fr\/wp-json\/wp\/v2\/pages"}],"about":[{"href":"https:\/\/swiss-led.com\/fr\/wp-json\/wp\/v2\/types\/page"}],"author":[{"embeddable":true,"href":"https:\/\/swiss-led.com\/fr\/wp-json\/wp\/v2\/users\/1"}],"replies":[{"embeddable":true,"href":"https:\/\/swiss-led.com\/fr\/wp-json\/wp\/v2\/comments?post=880"}],"version-history":[{"count":94,"href":"https:\/\/swiss-led.com\/fr\/wp-json\/wp\/v2\/pages\/880\/revisions"}],"predecessor-version":[{"id":3121,"href":"https:\/\/swiss-led.com\/fr\/wp-json\/wp\/v2\/pages\/880\/revisions\/3121"}],"wp:attachment":[{"href":"https:\/\/swiss-led.com\/fr\/wp-json\/wp\/v2\/media?parent=880"}],"curies":[{"name":"wp","href":"https:\/\/api.w.org\/{rel}","templated":true}]}}